{"id":1549,"date":"2020-05-27T09:53:36","date_gmt":"2020-05-27T07:53:36","guid":{"rendered":"https:\/\/espcanal.ci-com.fr\/contact\/"},"modified":"2020-11-26T12:45:43","modified_gmt":"2020-11-26T11:45:43","slug":"contact","status":"publish","type":"page","link":"https:\/\/espcanal.ci-com.fr\/en\/contact\/","title":{"rendered":"Contact us"},"content":{"rendered":"\n<div class=\"wp-block-columns\">\n<div class=\"wp-block-column\" style=\"flex-basis:35%\">\n<h2 class=\"has-gold-color has-text-color\">Write to us<\/h2>\n<\/div>\n\n\n\n<div class=\"wp-block-column\"><div role=\"form\" class=\"wpcf7\" id=\"wpcf7-f1589-o1\" lang=\"en-US\" dir=\"ltr\">\n<div class=\"screen-reader-response\"><p role=\"status\" aria-live=\"polite\" aria-atomic=\"true\"><\/p> <ul><\/ul><\/div>\n<form action=\"\/en\/wp-json\/wp\/v2\/pages\/1549#wpcf7-f1589-o1\" method=\"post\" class=\"wpcf7-form init\" novalidate=\"novalidate\" data-status=\"init\">\n<div style=\"display: none;\">\n<input type=\"hidden\" name=\"_wpcf7\" value=\"1589\" \/>\n<input type=\"hidden\" name=\"_wpcf7_version\" value=\"5.5.2\" \/>\n<input type=\"hidden\" name=\"_wpcf7_locale\" value=\"en_US\" \/>\n<input type=\"hidden\" name=\"_wpcf7_unit_tag\" value=\"wpcf7-f1589-o1\" \/>\n<input type=\"hidden\" name=\"_wpcf7_container_post\" value=\"0\" \/>\n<input type=\"hidden\" name=\"_wpcf7_posted_data_hash\" value=\"\" \/>\n<\/div>\n<div class=\"form-group\">\n    <label for=\"yourCompany\">Company*<\/label><br \/>\n    <span class=\"wpcf7-form-control-wrap your-company\"><input type=\"text\" name=\"your-company\" value=\"\" size=\"40\" class=\"wpcf7-form-control wpcf7-text wpcf7-validates-as-required\" id=\"yourCompany\" aria-required=\"true\" aria-invalid=\"false\" placeholder=\"Ex : Espace Canal \u00c9venements\" \/><\/span>\n<\/div>\n<div class=\"form-group\">\n    <label for=\"yourName\">Name*<\/label><br \/>\n    <span class=\"wpcf7-form-control-wrap your-name\"><input type=\"text\" name=\"your-name\" value=\"\" size=\"40\" class=\"wpcf7-form-control wpcf7-text wpcf7-validates-as-required\" id=\"yourName\" aria-required=\"true\" aria-invalid=\"false\" placeholder=\"Ex : Doe\" \/><\/span>\n<\/div>\n<div class=\"form-group\">\n    <label for=\"yourFirstname\">Firstname*<\/label><br \/>\n    <span class=\"wpcf7-form-control-wrap your-firstname\"><input type=\"text\" name=\"your-firstname\" value=\"\" size=\"40\" class=\"wpcf7-form-control wpcf7-text wpcf7-validates-as-required\" id=\"yourFirstname\" aria-required=\"true\" aria-invalid=\"false\" placeholder=\"Ex : John\" \/><\/span>\n<\/div>\n<div class=\"form-group\">\n    <label for=\"yourPhone\">Phone number<\/label><br \/>\n    <span class=\"wpcf7-form-control-wrap your-phone\"><input type=\"tel\" name=\"your-phone\" value=\"\" size=\"40\" class=\"wpcf7-form-control wpcf7-text wpcf7-tel wpcf7-validates-as-tel\" id=\"yourPhone\" aria-invalid=\"false\" placeholder=\"Ex : 02 00 00 00 00\" \/><\/span>\n<\/div>\n<div class=\"form-group\">\n    <label for=\"yourEmail\">Email address*<\/label><br \/>\n    <span class=\"wpcf7-form-control-wrap your-email\"><input type=\"email\" name=\"your-email\" value=\"\" size=\"40\" class=\"wpcf7-form-control wpcf7-text wpcf7-email wpcf7-validates-as-required wpcf7-validates-as-email\" id=\"yourEmail\" aria-required=\"true\" aria-invalid=\"false\" placeholder=\"Ex : johndoe@mail.com\" \/><\/span>\n<\/div>\n<div class=\"form-group\">\n    <label for=\"yourMessage\"> Your message*<\/label><br \/>\n    <span class=\"wpcf7-form-control-wrap your-message\"><textarea name=\"your-message\" cols=\"40\" rows=\"4\" class=\"wpcf7-form-control wpcf7-textarea wpcf7-validates-as-required\" id=\"yourMessage\" aria-required=\"true\" aria-invalid=\"false\" placeholder=\"Enter your message here...\"><\/textarea><\/span>\n<\/div>\n<p><input type=\"submit\" value=\"Send\" class=\"wpcf7-form-control has-spinner wpcf7-submit has-gold-background-color has-white-color\" \/><\/p>\n<div class=\"wpcf7-response-output\" aria-hidden=\"true\"><\/div><\/form><\/div>\n<\/div>\n<\/div>\n\n\n\n<div class=\"wp-block-columns\">\n<div class=\"wp-block-column\" style=\"flex-basis:35%\">\n<h2 class=\"has-gold-color has-text-color\">Contact details<\/h2>\n<\/div>\n\n\n\n<div class=\"wp-block-column\">\n<figure class=\"wp-block-table\"><table><tbody><tr><td><span class=\"has-inline-color has-gold-color\">Address :<\/span><\/td><td>7 rue Vieille Lev\u00e9e 45100 Orl\u00e9ans<\/td><\/tr><tr><td><span class=\"has-inline-color has-gold-color\">Tel :<\/span><\/td><td><a href=\"tel:0238620430\">02 38 62 04 30<\/a><\/td><\/tr><\/tbody><\/table><\/figure>\n\n\n\n<p>Herv\u00e9 Michenet<\/p>\n\n\n\n<figure class=\"wp-block-table\"><table><tbody><tr><td><span class=\"has-inline-color has-gold-color\">Tel :<\/span><\/td><td><a href=\"tel:0622330468\">06 22 33 04 68<\/a><\/td><\/tr><tr><td><span class=\"has-inline-color has-gold-color\">Email address :<\/span><\/td><td><a href=\"mailto:herve.michenet@espacecanalevenements.com\">herve.michenet@espacecanalevenements.com<\/a><\/td><\/tr><\/tbody><\/table><\/figure>\n\n\n\n<p>Philippe Turbat<\/p>\n\n\n\n<figure class=\"wp-block-table\"><table><tbody><tr><td><span class=\"has-inline-color has-gold-color\">Tel :<\/span><\/td><td><a href=\"tel:0662490430\">06 62 49 04 30<\/a><\/td><\/tr><tr><td><span class=\"has-inline-color has-gold-color\">Email address :<\/span><\/td><td><a href=\"mailto:philippe.turbat@espacecanalevenements.com\">philippe.turbat@espacecanalevenements.com<\/a><\/td><\/tr><\/tbody><\/table><\/figure>\n\n\n\n<iframe loading=\"lazy\" src=\"https:\/\/www.google.com\/maps\/embed?pb=!1m18!1m12!1m3!1d2675.227700774398!2d1.8980643515523077!3d47.893277976020656!2m3!1f0!2f0!3f0!3m2!1i1024!2i768!4f13.1!3m3!1m2!1s0x47e4e4d8f107e59b%3A0xa2becfec86b133cc!2s7%20Rue%20Vieille%20Lev%C3%A9e%2C%2045100%20Orl%C3%A9ans!5e0!3m2!1sfr!2sfr!4v1590506596449!5m2!1sfr!2sfr\" width=\"100%\" height=\"370\" frameborder=\"0\" style=\"border:0;\" allowfullscreen=\"\" aria-hidden=\"false\" tabindex=\"0\"><\/iframe>\n<\/div>\n<\/div>\n","protected":false},"excerpt":{"rendered":"<p>Write to us Contact details Address : 7 rue Vieille Lev\u00e9e 45100 Orl\u00e9ans Tel : 02 38 62 [&hellip;]<\/p>\n","protected":false},"author":1,"featured_media":0,"parent":0,"menu_order":6,"comment_status":"closed","ping_status":"closed","template":"","meta":[],"yoast_head":"<!-- This site is optimized with the Yoast SEO plugin v17.6 - https:\/\/yoast.com\/wordpress\/plugins\/seo\/ -->\n<title>Contact us - Espace Canal \u00c9v\u00e9nements<\/title>\n<meta name=\"robots\" content=\"noindex, follow, max-snippet:-1, max-image-preview:large, max-video-preview:-1\" \/>\n<meta property=\"og:locale\" content=\"en_US\" \/>\n<meta property=\"og:type\" content=\"article\" \/>\n<meta property=\"og:title\" content=\"Contact us - Espace Canal \u00c9v\u00e9nements\" \/>\n<meta property=\"og:description\" content=\"Write to us Contact details Address : 7 rue Vieille Lev\u00e9e 45100 Orl\u00e9ans Tel : 02 38 62 [&hellip;]\" \/>\n<meta property=\"og:url\" content=\"https:\/\/espcanal.ci-com.fr\/en\/contact\/\" \/>\n<meta property=\"og:site_name\" content=\"Espace Canal \u00c9v\u00e9nements\" \/>\n<meta property=\"article:modified_time\" content=\"2020-11-26T11:45:43+00:00\" \/>\n<meta name=\"twitter:card\" content=\"summary_large_image\" \/>\n<script type=\"application\/ld+json\" class=\"yoast-schema-graph\">{\"@context\":\"https:\/\/schema.org\",\"@graph\":[{\"@type\":\"WebSite\",\"@id\":\"https:\/\/espcanal.ci-com.fr\/#website\",\"url\":\"https:\/\/espcanal.ci-com.fr\/\",\"name\":\"Espace Canal \\u00c9v\\u00e9nements\",\"description\":\"Cr\\u00e9ateurs d&#039;\\u00e9v\\u00e9nements sur mesure\",\"potentialAction\":[{\"@type\":\"SearchAction\",\"target\":{\"@type\":\"EntryPoint\",\"urlTemplate\":\"https:\/\/espcanal.ci-com.fr\/?s={search_term_string}\"},\"query-input\":\"required name=search_term_string\"}],\"inLanguage\":\"en-US\"},{\"@type\":\"WebPage\",\"@id\":\"https:\/\/espcanal.ci-com.fr\/en\/contact\/#webpage\",\"url\":\"https:\/\/espcanal.ci-com.fr\/en\/contact\/\",\"name\":\"Contact us - Espace Canal \\u00c9v\\u00e9nements\",\"isPartOf\":{\"@id\":\"https:\/\/espcanal.ci-com.fr\/#website\"},\"datePublished\":\"2020-05-27T07:53:36+00:00\",\"dateModified\":\"2020-11-26T11:45:43+00:00\",\"breadcrumb\":{\"@id\":\"https:\/\/espcanal.ci-com.fr\/en\/contact\/#breadcrumb\"},\"inLanguage\":\"en-US\",\"potentialAction\":[{\"@type\":\"ReadAction\",\"target\":[\"https:\/\/espcanal.ci-com.fr\/en\/contact\/\"]}]},{\"@type\":\"BreadcrumbList\",\"@id\":\"https:\/\/espcanal.ci-com.fr\/en\/contact\/#breadcrumb\",\"itemListElement\":[{\"@type\":\"ListItem\",\"position\":1,\"name\":\"Accueil\",\"item\":\"https:\/\/espcanal.ci-com.fr\/en\/\"},{\"@type\":\"ListItem\",\"position\":2,\"name\":\"Contact us\"}]}]}<\/script>\n<!-- \/ Yoast SEO plugin. -->","yoast_head_json":{"title":"Contact us - Espace Canal \u00c9v\u00e9nements","robots":{"index":"noindex","follow":"follow","max-snippet":"max-snippet:-1","max-image-preview":"max-image-preview:large","max-video-preview":"max-video-preview:-1"},"og_locale":"en_US","og_type":"article","og_title":"Contact us - Espace Canal \u00c9v\u00e9nements","og_description":"Write to us Contact details Address : 7 rue Vieille Lev\u00e9e 45100 Orl\u00e9ans Tel : 02 38 62 [&hellip;]","og_url":"https:\/\/espcanal.ci-com.fr\/en\/contact\/","og_site_name":"Espace Canal \u00c9v\u00e9nements","article_modified_time":"2020-11-26T11:45:43+00:00","twitter_card":"summary_large_image","schema":{"@context":"https:\/\/schema.org","@graph":[{"@type":"WebSite","@id":"https:\/\/espcanal.ci-com.fr\/#website","url":"https:\/\/espcanal.ci-com.fr\/","name":"Espace Canal \u00c9v\u00e9nements","description":"Cr\u00e9ateurs d&#039;\u00e9v\u00e9nements sur mesure","potentialAction":[{"@type":"SearchAction","target":{"@type":"EntryPoint","urlTemplate":"https:\/\/espcanal.ci-com.fr\/?s={search_term_string}"},"query-input":"required name=search_term_string"}],"inLanguage":"en-US"},{"@type":"WebPage","@id":"https:\/\/espcanal.ci-com.fr\/en\/contact\/#webpage","url":"https:\/\/espcanal.ci-com.fr\/en\/contact\/","name":"Contact us - Espace Canal \u00c9v\u00e9nements","isPartOf":{"@id":"https:\/\/espcanal.ci-com.fr\/#website"},"datePublished":"2020-05-27T07:53:36+00:00","dateModified":"2020-11-26T11:45:43+00:00","breadcrumb":{"@id":"https:\/\/espcanal.ci-com.fr\/en\/contact\/#breadcrumb"},"inLanguage":"en-US","potentialAction":[{"@type":"ReadAction","target":["https:\/\/espcanal.ci-com.fr\/en\/contact\/"]}]},{"@type":"BreadcrumbList","@id":"https:\/\/espcanal.ci-com.fr\/en\/contact\/#breadcrumb","itemListElement":[{"@type":"ListItem","position":1,"name":"Accueil","item":"https:\/\/espcanal.ci-com.fr\/en\/"},{"@type":"ListItem","position":2,"name":"Contact us"}]}]}},"_links":{"self":[{"href":"https:\/\/espcanal.ci-com.fr\/en\/wp-json\/wp\/v2\/pages\/1549"}],"collection":[{"href":"https:\/\/espcanal.ci-com.fr\/en\/wp-json\/wp\/v2\/pages"}],"about":[{"href":"https:\/\/espcanal.ci-com.fr\/en\/wp-json\/wp\/v2\/types\/page"}],"author":[{"embeddable":true,"href":"https:\/\/espcanal.ci-com.fr\/en\/wp-json\/wp\/v2\/users\/1"}],"replies":[{"embeddable":true,"href":"https:\/\/espcanal.ci-com.fr\/en\/wp-json\/wp\/v2\/comments?post=1549"}],"version-history":[{"count":3,"href":"https:\/\/espcanal.ci-com.fr\/en\/wp-json\/wp\/v2\/pages\/1549\/revisions"}],"predecessor-version":[{"id":1588,"href":"https:\/\/espcanal.ci-com.fr\/en\/wp-json\/wp\/v2\/pages\/1549\/revisions\/1588"}],"wp:attachment":[{"href":"https:\/\/espcanal.ci-com.fr\/en\/wp-json\/wp\/v2\/media?parent=1549"}],"curies":[{"name":"wp","href":"https:\/\/api.w.org\/{rel}","templated":true}]}}