{"id":1541,"date":"2020-05-27T09:42:16","date_gmt":"2020-05-27T07:42:16","guid":{"rendered":"https:\/\/espcanal.ci-com.fr\/accueil\/"},"modified":"2020-11-25T12:20:27","modified_gmt":"2020-11-25T11:20:27","slug":"accueil","status":"publish","type":"page","link":"https:\/\/espcanal.ci-com.fr\/en\/","title":{"rendered":"Accueil"},"content":{"rendered":"\n<h2 class=\"has-text-align-center has-gold-color has-text-color\">L&#8217;agence<\/h2>\n\n\n\n<p class=\"has-text-align-center\">Two partners, Herv\u00e9 Michenet and Philippe Turbat, long-time friends, decided to combine their expertises and create their event organisation company in November 2000. For 20 years, the agency has specialised in the organisation of professional congresses, theme evenings, team building and business seminars. The founders&#8217; key asset: being at the heart of the event!<\/p>\n\n\n\n<div class=\"wp-block-ece-handwriting-text\" style=\"text-align:center\"><p>Espace Canal \u00c9v\u00e9nements<\/p><\/div>\n\n\n\n<div class=\"wp-block-buttons aligncenter\">\n<div class=\"wp-block-button\"><a class=\"wp-block-button__link has-white-color has-gold-background-color has-text-color has-background no-border-radius\" href=\"https:\/\/espcanal.ci-com.fr\/lagence\/\">More about the agency<\/a><\/div>\n<\/div>\n\n\n\n<h2 class=\"has-text-align-center has-gold-color has-text-color\">See all our services<\/h2>\n\n\n<div class=\"wp-block-ece-performance-grid\"><a href='https:\/\/espcanal.ci-com.fr\/nos-prestations\/#congress' class='performance-container' role='button'>\n\t\t\t\t\t\t\t\t\t<picture><img width=\"900\" height=\"300\" src=\"https:\/\/espcanal.ci-com.fr\/app\/uploads\/2020\/05\/Congr\u00e8s-m\u00e9dical-.jpg\" class=\"attachment-post-thumbnail size-post-thumbnail wp-post-image\" alt=\"\" loading=\"lazy\" srcset=\"https:\/\/espcanal.ci-com.fr\/app\/uploads\/2020\/05\/Congr\u00e8s-m\u00e9dical-.jpg 900w, https:\/\/espcanal.ci-com.fr\/app\/uploads\/2020\/05\/Congr\u00e8s-m\u00e9dical--300x100.jpg 300w, https:\/\/espcanal.ci-com.fr\/app\/uploads\/2020\/05\/Congr\u00e8s-m\u00e9dical--768x256.jpg 768w, https:\/\/espcanal.ci-com.fr\/app\/uploads\/2020\/05\/Congr\u00e8s-m\u00e9dical--340x113.jpg 340w, https:\/\/espcanal.ci-com.fr\/app\/uploads\/2020\/05\/Congr\u00e8s-m\u00e9dical--600x200.jpg 600w\" sizes=\"(max-width: 900px) 100vw, 900px\" \/><\/picture>\n\t\t\t\t\t\t\t\t\t<span class='performance-grid-content'>\n\t\t\t\t\t\t\t\t\t\t<h3>Congress<\/h3>\n\t\t\t\t\t\t\t\t\t\t<span>Learn more<\/span>\n\t\t\t\t\t\t\t\t\t<\/span>\n\t\t\t\t\t\t\t\t<\/a><a href='https:\/\/espcanal.ci-com.fr\/nos-prestations\/#seminar' class='performance-container' role='button'>\n\t\t\t\t\t\t\t\t\t<picture><img width=\"900\" height=\"300\" src=\"https:\/\/espcanal.ci-com.fr\/app\/uploads\/2020\/05\/Seminaire-.jpg\" class=\"attachment-post-thumbnail size-post-thumbnail wp-post-image\" alt=\"\" loading=\"lazy\" srcset=\"https:\/\/espcanal.ci-com.fr\/app\/uploads\/2020\/05\/Seminaire-.jpg 900w, https:\/\/espcanal.ci-com.fr\/app\/uploads\/2020\/05\/Seminaire--300x100.jpg 300w, https:\/\/espcanal.ci-com.fr\/app\/uploads\/2020\/05\/Seminaire--768x256.jpg 768w, https:\/\/espcanal.ci-com.fr\/app\/uploads\/2020\/05\/Seminaire--340x113.jpg 340w, https:\/\/espcanal.ci-com.fr\/app\/uploads\/2020\/05\/Seminaire--600x200.jpg 600w\" sizes=\"(max-width: 900px) 100vw, 900px\" \/><\/picture>\n\t\t\t\t\t\t\t\t\t<span class='performance-grid-content'>\n\t\t\t\t\t\t\t\t\t\t<h3>Seminar<\/h3>\n\t\t\t\t\t\t\t\t\t\t<span>Learn more<\/span>\n\t\t\t\t\t\t\t\t\t<\/span>\n\t\t\t\t\t\t\t\t<\/a><a href='https:\/\/espcanal.ci-com.fr\/nos-prestations\/#corporate-event' class='performance-container' role='button'>\n\t\t\t\t\t\t\t\t\t<picture><img width=\"900\" height=\"300\" src=\"https:\/\/espcanal.ci-com.fr\/app\/uploads\/2020\/05\/Evenement-dentreprise-.jpg\" class=\"attachment-post-thumbnail size-post-thumbnail wp-post-image\" alt=\"\" loading=\"lazy\" srcset=\"https:\/\/espcanal.ci-com.fr\/app\/uploads\/2020\/05\/Evenement-dentreprise-.jpg 900w, https:\/\/espcanal.ci-com.fr\/app\/uploads\/2020\/05\/Evenement-dentreprise--300x100.jpg 300w, https:\/\/espcanal.ci-com.fr\/app\/uploads\/2020\/05\/Evenement-dentreprise--768x256.jpg 768w, https:\/\/espcanal.ci-com.fr\/app\/uploads\/2020\/05\/Evenement-dentreprise--340x113.jpg 340w, https:\/\/espcanal.ci-com.fr\/app\/uploads\/2020\/05\/Evenement-dentreprise--600x200.jpg 600w\" sizes=\"(max-width: 900px) 100vw, 900px\" \/><\/picture>\n\t\t\t\t\t\t\t\t\t<span class='performance-grid-content'>\n\t\t\t\t\t\t\t\t\t\t<h3>Corporate event<\/h3>\n\t\t\t\t\t\t\t\t\t\t<span>Learn more<\/span>\n\t\t\t\t\t\t\t\t\t<\/span>\n\t\t\t\t\t\t\t\t<\/a><a href='https:\/\/espcanal.ci-com.fr\/nos-prestations\/#incentive-trip' class='performance-container' role='button'>\n\t\t\t\t\t\t\t\t\t<picture><img width=\"900\" height=\"300\" src=\"https:\/\/espcanal.ci-com.fr\/app\/uploads\/2020\/05\/Voyage-incentive-.jpg\" class=\"attachment-post-thumbnail size-post-thumbnail wp-post-image\" alt=\"\" loading=\"lazy\" srcset=\"https:\/\/espcanal.ci-com.fr\/app\/uploads\/2020\/05\/Voyage-incentive-.jpg 900w, https:\/\/espcanal.ci-com.fr\/app\/uploads\/2020\/05\/Voyage-incentive--300x100.jpg 300w, https:\/\/espcanal.ci-com.fr\/app\/uploads\/2020\/05\/Voyage-incentive--768x256.jpg 768w, https:\/\/espcanal.ci-com.fr\/app\/uploads\/2020\/05\/Voyage-incentive--340x113.jpg 340w, https:\/\/espcanal.ci-com.fr\/app\/uploads\/2020\/05\/Voyage-incentive--600x200.jpg 600w\" sizes=\"(max-width: 900px) 100vw, 900px\" \/><\/picture>\n\t\t\t\t\t\t\t\t\t<span class='performance-grid-content'>\n\t\t\t\t\t\t\t\t\t\t<h3>Incentive trip<\/h3>\n\t\t\t\t\t\t\t\t\t\t<span>Learn more<\/span>\n\t\t\t\t\t\t\t\t\t<\/span>\n\t\t\t\t\t\t\t\t<\/a><\/div>\n\n\n<div class=\"wp-block-buttons aligncenter\">\n<div class=\"wp-block-button\"><a class=\"wp-block-button__link has-white-color has-gold-background-color has-text-color has-background no-border-radius\" href=\"https:\/\/espcanal.ci-com.fr\/nos-prestations\/\">See all our services<\/a><\/div>\n<\/div>\n\n\n\n<h2 class=\"has-text-align-center has-gold-color has-text-color\">Our achievements<\/h2>\n\n\n<div id='realSliderJs' class='ece-realization-slider' data-time='8000'><div class='ece-real'>\n\t\t\t\t\t\t\t\t\t<picture>\n\t\t\t\t\t\t\t\t\t\t<img width=\"512\" height=\"1078\" src=\"https:\/\/espcanal.ci-com.fr\/app\/uploads\/2020\/08\/R17_01.jpg\" class=\"attachment-full size-full\" alt=\"\" loading=\"lazy\" srcset=\"https:\/\/espcanal.ci-com.fr\/app\/uploads\/2020\/08\/R17_01.jpg 512w, https:\/\/espcanal.ci-com.fr\/app\/uploads\/2020\/08\/R17_01-142x300.jpg 142w, https:\/\/espcanal.ci-com.fr\/app\/uploads\/2020\/08\/R17_01-486x1024.jpg 486w, https:\/\/espcanal.ci-com.fr\/app\/uploads\/2020\/08\/R17_01-340x716.jpg 340w\" sizes=\"(max-width: 512px) 100vw, 512px\" \/>\n\t\t\t\t\t\t\t\t\t<\/picture>\n\t\t\t\t\t\t\t\t\t<div class='frame'><\/div>\n\t\t\t\t\t\t\t\t\t<div class='content'>\n\t\t\t\t\t\t\t\t\t<h3>Orl\u00e9ans Medical Days<\/h3>1st edition covering the current therapeutic areas of general medicine, led by CHRO specialists. Two days punctuated by concise and interactive sessions, to be chosen &quot;\u00e0 la carte&quot; according to each person&#039;s schedules.<a href='https:\/\/espcanal.ci-com.fr\/en\/realizations\/journees-medicales-dorleans\/'>Learn more<\/a>\n\t\t\t\t\t\t\t\t<\/div>\n\t\t\t\t\t\t\t<\/div><\/div>\n\n\n<div class=\"wp-block-buttons aligncenter\">\n<div class=\"wp-block-button\"><a class=\"wp-block-button__link has-white-color has-gold-background-color has-text-color has-background no-border-radius\" href=\"https:\/\/espcanal.ci-com.fr\/nos-realisations\/\">See all our achievements<\/a><\/div>\n<\/div>\n\n\n\n<h2 class=\"has-text-align-center has-gold-color has-text-color\">Our news<\/h2>\n\n\n<div class=\"wp-block-ece-news\"><article>\n\t\t\t\t\t\t\t\t\t<a href='https:\/\/espcanal.ci-com.fr\/en\/actu-3\/' class='news-container' role='button'>\n\t\t\t\t\t\t\t\t\t\t<picture><img width=\"340\" height=\"161\" src=\"https:\/\/espcanal.ci-com.fr\/app\/uploads\/2020\/05\/Actualit\u00e9s-focus-.jpg\" class=\"attachment-w340 size-w340 wp-post-image\" alt=\"\" loading=\"lazy\" srcset=\"https:\/\/espcanal.ci-com.fr\/app\/uploads\/2020\/05\/Actualit\u00e9s-focus-.jpg 1480w, https:\/\/espcanal.ci-com.fr\/app\/uploads\/2020\/05\/Actualit\u00e9s-focus--300x142.jpg 300w, https:\/\/espcanal.ci-com.fr\/app\/uploads\/2020\/05\/Actualit\u00e9s-focus--1024x484.jpg 1024w, https:\/\/espcanal.ci-com.fr\/app\/uploads\/2020\/05\/Actualit\u00e9s-focus--768x363.jpg 768w, https:\/\/espcanal.ci-com.fr\/app\/uploads\/2020\/05\/Actualit\u00e9s-focus--600x284.jpg 600w\" sizes=\"(max-width: 340px) 100vw, 340px\" \/><\/picture>\n\t\t\t\t\t\t\t\t\t\t<span class='news-content'>\n\t\t\t\t\t\t\t\t\t\t\t\n\t\t\t\t\t\t\t\t\t\t\t<time datetime='27 May 2020' class='news-date'>27 May 2020<\/time>\n\t\t\t\t\t\t\t\t\t\t\t<h3>FOCUS 2021 Medical Congress<\/h3>\n\t\t\t\t\t\t\t\t\t\t\t<span class='news-excerpt'>November 19th, 2020 The meeting in onco-urology of this end of year will take place on May 20 [&hellip;]<\/span>\n\t\t\t\t\t\t\t\t\t\t\t<span class='learn-more'>+ learn more<\/span>\n\t\t\t\t\t\t\t\t\t\t<\/span>\n\t\t\t\t\t\t\t\t\t<\/a>\n\t\t\t\t\t\t\t\t<\/article><\/div>\n\n\n<div class=\"wp-block-buttons aligncenter\">\n<div class=\"wp-block-button\"><a class=\"wp-block-button__link has-white-color has-gold-background-color has-text-color has-background no-border-radius\" href=\"https:\/\/espcanal.ci-com.fr\/actualites\/\">See all our news<\/a><\/div>\n<\/div>\n\n\n\n<h2 class=\"has-text-align-center has-gold-color has-text-color\">They trust us<\/h2>\n\n\n\n<figure class=\"wp-block-gallery columns-3 is-cropped partner-slider\"><ul class=\"blocks-gallery-grid\"><li class=\"blocks-gallery-item\"><figure><img loading=\"lazy\" width=\"1024\" height=\"498\" src=\"https:\/\/espcanal.ci-com.fr\/app\/uploads\/2020\/05\/AFUF-LOGO-1024x498.jpg\" alt=\"\" data-id=\"119\" data-full-url=\"https:\/\/espcanal.ci-com.fr\/app\/uploads\/2020\/05\/AFUF-LOGO.jpg\" data-link=\"https:\/\/espcanal.ci-com.fr\/accueil\/afuf-logo\/\" class=\"wp-image-165\" srcset=\"https:\/\/espcanal.ci-com.fr\/app\/uploads\/2020\/05\/AFUF-LOGO-1024x498.jpg 1024w, https:\/\/espcanal.ci-com.fr\/app\/uploads\/2020\/05\/AFUF-LOGO-300x146.jpg 300w, https:\/\/espcanal.ci-com.fr\/app\/uploads\/2020\/05\/AFUF-LOGO-768x374.jpg 768w, https:\/\/espcanal.ci-com.fr\/app\/uploads\/2020\/05\/AFUF-LOGO-1536x747.jpg 1536w, https:\/\/espcanal.ci-com.fr\/app\/uploads\/2020\/05\/AFUF-LOGO-600x292.jpg 600w, https:\/\/espcanal.ci-com.fr\/app\/uploads\/2020\/05\/AFUF-LOGO.jpg 1850w\" sizes=\"(max-width: 1024px) 100vw, 1024px\" \/><\/figure><\/li><li class=\"blocks-gallery-item\"><figure><img loading=\"lazy\" width=\"281\" height=\"220\" src=\"https:\/\/espcanal.ci-com.fr\/app\/uploads\/2020\/05\/ca-CentreLoire-v-rvb.jpg\" alt=\"\" data-id=\"120\" data-full-url=\"https:\/\/espcanal.ci-com.fr\/app\/uploads\/2020\/05\/ca-CentreLoire-v-rvb.jpg\" data-link=\"https:\/\/espcanal.ci-com.fr\/accueil\/ca-centreloire-v-rvb\/\" class=\"wp-image-166\"\/><\/figure><\/li><li class=\"blocks-gallery-item\"><figure><img loading=\"lazy\" width=\"1024\" height=\"250\" src=\"https:\/\/espcanal.ci-com.fr\/app\/uploads\/2020\/05\/Elsan-1024x250.png\" alt=\"\" data-id=\"130\" data-full-url=\"https:\/\/espcanal.ci-com.fr\/app\/uploads\/2020\/05\/Elsan.png\" data-link=\"https:\/\/espcanal.ci-com.fr\/accueil\/elsan\/\" class=\"wp-image-175\" srcset=\"https:\/\/espcanal.ci-com.fr\/app\/uploads\/2020\/05\/Elsan-1024x250.png 1024w, https:\/\/espcanal.ci-com.fr\/app\/uploads\/2020\/05\/Elsan-300x73.png 300w, https:\/\/espcanal.ci-com.fr\/app\/uploads\/2020\/05\/Elsan-768x188.png 768w, https:\/\/espcanal.ci-com.fr\/app\/uploads\/2020\/05\/Elsan-1536x376.png 1536w, https:\/\/espcanal.ci-com.fr\/app\/uploads\/2020\/05\/Elsan-2048x501.png 2048w, https:\/\/espcanal.ci-com.fr\/app\/uploads\/2020\/05\/Elsan-600x147.png 600w\" sizes=\"(max-width: 1024px) 100vw, 1024px\" \/><\/figure><\/li><li class=\"blocks-gallery-item\"><figure><img loading=\"lazy\" width=\"1024\" height=\"546\" src=\"https:\/\/espcanal.ci-com.fr\/app\/uploads\/2020\/05\/Focus-logo-cmjn-15x8-1-1024x546.jpg\" alt=\"\" data-id=\"131\" data-full-url=\"https:\/\/espcanal.ci-com.fr\/app\/uploads\/2020\/05\/Focus-logo-cmjn-15x8-1.jpg\" data-link=\"https:\/\/espcanal.ci-com.fr\/accueil\/focus-logo-cmjn-15x8-1\/\" class=\"wp-image-176\" srcset=\"https:\/\/espcanal.ci-com.fr\/app\/uploads\/2020\/05\/Focus-logo-cmjn-15x8-1-1024x546.jpg 1024w, https:\/\/espcanal.ci-com.fr\/app\/uploads\/2020\/05\/Focus-logo-cmjn-15x8-1-300x160.jpg 300w, https:\/\/espcanal.ci-com.fr\/app\/uploads\/2020\/05\/Focus-logo-cmjn-15x8-1-768x410.jpg 768w, https:\/\/espcanal.ci-com.fr\/app\/uploads\/2020\/05\/Focus-logo-cmjn-15x8-1-1536x819.jpg 1536w, https:\/\/espcanal.ci-com.fr\/app\/uploads\/2020\/05\/Focus-logo-cmjn-15x8-1-600x320.jpg 600w, https:\/\/espcanal.ci-com.fr\/app\/uploads\/2020\/05\/Focus-logo-cmjn-15x8-1.jpg 1772w\" sizes=\"(max-width: 1024px) 100vw, 1024px\" \/><\/figure><\/li><li class=\"blocks-gallery-item\"><figure><img loading=\"lazy\" width=\"1018\" height=\"601\" src=\"https:\/\/espcanal.ci-com.fr\/app\/uploads\/2020\/05\/ID2-Coul-BL.png\" alt=\"\" data-id=\"124\" data-full-url=\"https:\/\/espcanal.ci-com.fr\/app\/uploads\/2020\/05\/ID2-Coul-BL.png\" data-link=\"https:\/\/espcanal.ci-com.fr\/accueil\/id2-coul-bl\/\" class=\"wp-image-170\" srcset=\"https:\/\/espcanal.ci-com.fr\/app\/uploads\/2020\/05\/ID2-Coul-BL.png 1018w, https:\/\/espcanal.ci-com.fr\/app\/uploads\/2020\/05\/ID2-Coul-BL-300x177.png 300w, https:\/\/espcanal.ci-com.fr\/app\/uploads\/2020\/05\/ID2-Coul-BL-768x453.png 768w, https:\/\/espcanal.ci-com.fr\/app\/uploads\/2020\/05\/ID2-Coul-BL-600x354.png 600w\" sizes=\"(max-width: 1018px) 100vw, 1018px\" \/><\/figure><\/li><li class=\"blocks-gallery-item\"><figure><img loading=\"lazy\" width=\"228\" height=\"221\" src=\"https:\/\/espcanal.ci-com.fr\/app\/uploads\/2020\/05\/logo-bmw.jpg\" alt=\"\" data-id=\"129\" data-full-url=\"https:\/\/espcanal.ci-com.fr\/app\/uploads\/2020\/05\/logo-bmw.jpg\" data-link=\"https:\/\/espcanal.ci-com.fr\/accueil\/logo-bmw\/\" class=\"wp-image-174\"\/><\/figure><\/li><li class=\"blocks-gallery-item\"><figure><img loading=\"lazy\" width=\"270\" height=\"119\" src=\"https:\/\/espcanal.ci-com.fr\/app\/uploads\/2020\/05\/logo-collecteam.jpg\" alt=\"\" data-id=\"122\" data-full-url=\"https:\/\/espcanal.ci-com.fr\/app\/uploads\/2020\/05\/logo-collecteam.jpg\" data-link=\"https:\/\/espcanal.ci-com.fr\/accueil\/logo-collecteam\/\" class=\"wp-image-168\"\/><\/figure><\/li><li class=\"blocks-gallery-item\"><figure><img loading=\"lazy\" width=\"208\" height=\"242\" src=\"https:\/\/espcanal.ci-com.fr\/app\/uploads\/2020\/05\/logo-cpr.jpg\" alt=\"\" data-id=\"117\" data-full-url=\"https:\/\/espcanal.ci-com.fr\/app\/uploads\/2020\/05\/logo-cpr.jpg\" data-link=\"https:\/\/espcanal.ci-com.fr\/accueil\/logo-cpr\/\" class=\"wp-image-163\"\/><\/figure><\/li><li class=\"blocks-gallery-item\"><figure><img loading=\"lazy\" width=\"213\" height=\"100\" src=\"https:\/\/espcanal.ci-com.fr\/app\/uploads\/2020\/05\/logo-ffb.png\" alt=\"\" data-id=\"123\" data-full-url=\"https:\/\/espcanal.ci-com.fr\/app\/uploads\/2020\/05\/logo-ffb.png\" data-link=\"https:\/\/espcanal.ci-com.fr\/accueil\/logo-ffb\/\" class=\"wp-image-169\"\/><\/figure><\/li><li class=\"blocks-gallery-item\"><figure><img loading=\"lazy\" width=\"330\" height=\"153\" src=\"https:\/\/espcanal.ci-com.fr\/app\/uploads\/2020\/05\/logo-gallier.png\" alt=\"\" data-id=\"116\" data-full-url=\"https:\/\/espcanal.ci-com.fr\/app\/uploads\/2020\/05\/logo-gallier.png\" data-link=\"https:\/\/espcanal.ci-com.fr\/accueil\/logo-gallier\/\" class=\"wp-image-162\" srcset=\"https:\/\/espcanal.ci-com.fr\/app\/uploads\/2020\/05\/logo-gallier.png 330w, https:\/\/espcanal.ci-com.fr\/app\/uploads\/2020\/05\/logo-gallier-300x139.png 300w\" sizes=\"(max-width: 330px) 100vw, 330px\" \/><\/figure><\/li><li class=\"blocks-gallery-item\"><figure><img loading=\"lazy\" width=\"259\" height=\"194\" src=\"https:\/\/espcanal.ci-com.fr\/app\/uploads\/2020\/05\/logo-gerondeau.png\" alt=\"\" data-id=\"126\" data-full-url=\"https:\/\/espcanal.ci-com.fr\/app\/uploads\/2020\/05\/logo-gerondeau.png\" data-link=\"https:\/\/espcanal.ci-com.fr\/accueil\/logo-gerondeau\/\" class=\"wp-image-171\"\/><\/figure><\/li><li class=\"blocks-gallery-item\"><figure><img loading=\"lazy\" width=\"372\" height=\"135\" src=\"https:\/\/espcanal.ci-com.fr\/app\/uploads\/2020\/05\/logo-sandvik.png\" alt=\"\" data-id=\"121\" data-full-url=\"https:\/\/espcanal.ci-com.fr\/app\/uploads\/2020\/05\/logo-sandvik.png\" data-link=\"https:\/\/espcanal.ci-com.fr\/accueil\/logo-sandvik\/\" class=\"wp-image-167\" srcset=\"https:\/\/espcanal.ci-com.fr\/app\/uploads\/2020\/05\/logo-sandvik.png 372w, https:\/\/espcanal.ci-com.fr\/app\/uploads\/2020\/05\/logo-sandvik-300x109.png 300w\" sizes=\"(max-width: 372px) 100vw, 372px\" \/><\/figure><\/li><li class=\"blocks-gallery-item\"><figure><img loading=\"lazy\" width=\"209\" height=\"157\" src=\"https:\/\/espcanal.ci-com.fr\/app\/uploads\/2020\/05\/logo-umgccp.jpg\" alt=\"\" data-id=\"128\" data-full-url=\"https:\/\/espcanal.ci-com.fr\/app\/uploads\/2020\/05\/logo-umgccp.jpg\" data-link=\"https:\/\/espcanal.ci-com.fr\/accueil\/logo-umgccp\/\" class=\"wp-image-173\"\/><\/figure><\/li><li class=\"blocks-gallery-item\"><figure><img loading=\"lazy\" width=\"196\" height=\"257\" src=\"https:\/\/espcanal.ci-com.fr\/app\/uploads\/2020\/05\/logolsdh.png\" alt=\"\" data-id=\"127\" data-full-url=\"https:\/\/espcanal.ci-com.fr\/app\/uploads\/2020\/05\/logolsdh.png\" data-link=\"https:\/\/espcanal.ci-com.fr\/accueil\/logolsdh\/\" class=\"wp-image-172\"\/><\/figure><\/li><li class=\"blocks-gallery-item\"><figure><img loading=\"lazy\" width=\"360\" height=\"101\" src=\"https:\/\/espcanal.ci-com.fr\/app\/uploads\/2020\/05\/logo-ipsen-bureautique.jpg\" alt=\"\" data-id=\"118\" data-full-url=\"https:\/\/espcanal.ci-com.fr\/app\/uploads\/2020\/05\/logo-ipsen-bureautique.jpg\" data-link=\"https:\/\/espcanal.ci-com.fr\/accueil\/logo-ipsen-bureautique\/\" class=\"wp-image-164\" srcset=\"https:\/\/espcanal.ci-com.fr\/app\/uploads\/2020\/05\/logo-ipsen-bureautique.jpg 360w, https:\/\/espcanal.ci-com.fr\/app\/uploads\/2020\/05\/logo-ipsen-bureautique-300x84.jpg 300w\" sizes=\"(max-width: 360px) 100vw, 360px\" \/><\/figure><\/li><\/ul><\/figure>\n","protected":false},"excerpt":{"rendered":"<p>L&#8217;agence Two partners, Herv\u00e9 Michenet and Philippe Turbat, long-time friends, decided to combine their expertises and create their [&hellip;]<\/p>\n","protected":false},"author":1,"featured_media":159,"parent":0,"menu_order":0,"comment_status":"closed","ping_status":"closed","template":"template-home-page.php","meta":[],"yoast_head":"<!-- This site is optimized with the Yoast SEO plugin v17.6 - https:\/\/yoast.com\/wordpress\/plugins\/seo\/ -->\n<title>Accueil - Espace Canal \u00c9v\u00e9nements %<\/title>\n<meta name=\"robots\" content=\"noindex, follow, max-snippet:-1, max-image-preview:large, max-video-preview:-1\" \/>\n<meta property=\"og:locale\" content=\"en_US\" \/>\n<meta property=\"og:type\" content=\"article\" \/>\n<meta property=\"og:title\" content=\"Accueil - Espace Canal \u00c9v\u00e9nements %\" \/>\n<meta property=\"og:description\" content=\"L&#8217;agence Two partners, Herv\u00e9 Michenet and Philippe Turbat, long-time friends, decided to combine their expertises and create their [&hellip;]\" \/>\n<meta property=\"og:url\" content=\"https:\/\/espcanal.ci-com.fr\/en\/\" \/>\n<meta property=\"og:site_name\" content=\"Espace Canal \u00c9v\u00e9nements\" \/>\n<meta property=\"article:modified_time\" content=\"2020-11-25T11:20:27+00:00\" \/>\n<meta property=\"og:image\" content=\"https:\/\/espcanal.ci-com.fr\/app\/uploads\/2020\/05\/JP-FRAISEAU-Tiphaine-Delauzun-Photographie-244.png\" \/>\n\t<meta property=\"og:image:width\" content=\"706\" \/>\n\t<meta property=\"og:image:height\" content=\"503\" \/>\n<meta name=\"twitter:card\" content=\"summary_large_image\" \/>\n<script type=\"application\/ld+json\" class=\"yoast-schema-graph\">{\"@context\":\"https:\/\/schema.org\",\"@graph\":[{\"@type\":\"WebSite\",\"@id\":\"https:\/\/espcanal.ci-com.fr\/#website\",\"url\":\"https:\/\/espcanal.ci-com.fr\/\",\"name\":\"Espace Canal \\u00c9v\\u00e9nements\",\"description\":\"Cr\\u00e9ateurs d&#039;\\u00e9v\\u00e9nements sur mesure\",\"potentialAction\":[{\"@type\":\"SearchAction\",\"target\":{\"@type\":\"EntryPoint\",\"urlTemplate\":\"https:\/\/espcanal.ci-com.fr\/?s={search_term_string}\"},\"query-input\":\"required name=search_term_string\"}],\"inLanguage\":\"en-US\"},{\"@type\":\"ImageObject\",\"@id\":\"https:\/\/espcanal.ci-com.fr\/en\/#primaryimage\",\"inLanguage\":\"en-US\",\"url\":\"https:\/\/espcanal.ci-com.fr\/app\/uploads\/2020\/05\/JP-FRAISEAU-Tiphaine-Delauzun-Photographie-244.png\",\"contentUrl\":\"https:\/\/espcanal.ci-com.fr\/app\/uploads\/2020\/05\/JP-FRAISEAU-Tiphaine-Delauzun-Photographie-244.png\",\"width\":706,\"height\":503},{\"@type\":\"WebPage\",\"@id\":\"https:\/\/espcanal.ci-com.fr\/en\/#webpage\",\"url\":\"https:\/\/espcanal.ci-com.fr\/en\/\",\"name\":\"Accueil - Espace Canal \\u00c9v\\u00e9nements %\",\"isPartOf\":{\"@id\":\"https:\/\/espcanal.ci-com.fr\/#website\"},\"primaryImageOfPage\":{\"@id\":\"https:\/\/espcanal.ci-com.fr\/en\/#primaryimage\"},\"datePublished\":\"2020-05-27T07:42:16+00:00\",\"dateModified\":\"2020-11-25T11:20:27+00:00\",\"breadcrumb\":{\"@id\":\"https:\/\/espcanal.ci-com.fr\/en\/#breadcrumb\"},\"inLanguage\":\"en-US\",\"potentialAction\":[{\"@type\":\"ReadAction\",\"target\":[\"https:\/\/espcanal.ci-com.fr\/en\/\"]}]},{\"@type\":\"BreadcrumbList\",\"@id\":\"https:\/\/espcanal.ci-com.fr\/en\/#breadcrumb\",\"itemListElement\":[{\"@type\":\"ListItem\",\"position\":1,\"name\":\"Accueil\",\"item\":\"https:\/\/espcanal.ci-com.fr\/en\/\"},{\"@type\":\"ListItem\",\"position\":2,\"name\":\"Accueil\"}]}]}<\/script>\n<!-- \/ Yoast SEO plugin. -->","yoast_head_json":{"title":"Accueil - Espace Canal \u00c9v\u00e9nements %","robots":{"index":"noindex","follow":"follow","max-snippet":"max-snippet:-1","max-image-preview":"max-image-preview:large","max-video-preview":"max-video-preview:-1"},"og_locale":"en_US","og_type":"article","og_title":"Accueil - Espace Canal \u00c9v\u00e9nements %","og_description":"L&#8217;agence Two partners, Herv\u00e9 Michenet and Philippe Turbat, long-time friends, decided to combine their expertises and create their [&hellip;]","og_url":"https:\/\/espcanal.ci-com.fr\/en\/","og_site_name":"Espace Canal \u00c9v\u00e9nements","article_modified_time":"2020-11-25T11:20:27+00:00","og_image":[{"width":706,"height":503,"url":"https:\/\/espcanal.ci-com.fr\/app\/uploads\/2020\/05\/JP-FRAISEAU-Tiphaine-Delauzun-Photographie-244.png","type":"image\/png"}],"twitter_card":"summary_large_image","schema":{"@context":"https:\/\/schema.org","@graph":[{"@type":"WebSite","@id":"https:\/\/espcanal.ci-com.fr\/#website","url":"https:\/\/espcanal.ci-com.fr\/","name":"Espace Canal \u00c9v\u00e9nements","description":"Cr\u00e9ateurs d&#039;\u00e9v\u00e9nements sur mesure","potentialAction":[{"@type":"SearchAction","target":{"@type":"EntryPoint","urlTemplate":"https:\/\/espcanal.ci-com.fr\/?s={search_term_string}"},"query-input":"required name=search_term_string"}],"inLanguage":"en-US"},{"@type":"ImageObject","@id":"https:\/\/espcanal.ci-com.fr\/en\/#primaryimage","inLanguage":"en-US","url":"https:\/\/espcanal.ci-com.fr\/app\/uploads\/2020\/05\/JP-FRAISEAU-Tiphaine-Delauzun-Photographie-244.png","contentUrl":"https:\/\/espcanal.ci-com.fr\/app\/uploads\/2020\/05\/JP-FRAISEAU-Tiphaine-Delauzun-Photographie-244.png","width":706,"height":503},{"@type":"WebPage","@id":"https:\/\/espcanal.ci-com.fr\/en\/#webpage","url":"https:\/\/espcanal.ci-com.fr\/en\/","name":"Accueil - Espace Canal \u00c9v\u00e9nements %","isPartOf":{"@id":"https:\/\/espcanal.ci-com.fr\/#website"},"primaryImageOfPage":{"@id":"https:\/\/espcanal.ci-com.fr\/en\/#primaryimage"},"datePublished":"2020-05-27T07:42:16+00:00","dateModified":"2020-11-25T11:20:27+00:00","breadcrumb":{"@id":"https:\/\/espcanal.ci-com.fr\/en\/#breadcrumb"},"inLanguage":"en-US","potentialAction":[{"@type":"ReadAction","target":["https:\/\/espcanal.ci-com.fr\/en\/"]}]},{"@type":"BreadcrumbList","@id":"https:\/\/espcanal.ci-com.fr\/en\/#breadcrumb","itemListElement":[{"@type":"ListItem","position":1,"name":"Accueil","item":"https:\/\/espcanal.ci-com.fr\/en\/"},{"@type":"ListItem","position":2,"name":"Accueil"}]}]}},"_links":{"self":[{"href":"https:\/\/espcanal.ci-com.fr\/en\/wp-json\/wp\/v2\/pages\/1541"}],"collection":[{"href":"https:\/\/espcanal.ci-com.fr\/en\/wp-json\/wp\/v2\/pages"}],"about":[{"href":"https:\/\/espcanal.ci-com.fr\/en\/wp-json\/wp\/v2\/types\/page"}],"author":[{"embeddable":true,"href":"https:\/\/espcanal.ci-com.fr\/en\/wp-json\/wp\/v2\/users\/1"}],"replies":[{"embeddable":true,"href":"https:\/\/espcanal.ci-com.fr\/en\/wp-json\/wp\/v2\/comments?post=1541"}],"version-history":[{"count":3,"href":"https:\/\/espcanal.ci-com.fr\/en\/wp-json\/wp\/v2\/pages\/1541\/revisions"}],"predecessor-version":[{"id":1623,"href":"https:\/\/espcanal.ci-com.fr\/en\/wp-json\/wp\/v2\/pages\/1541\/revisions\/1623"}],"wp:featuredmedia":[{"embeddable":true,"href":"https:\/\/espcanal.ci-com.fr\/en\/wp-json\/wp\/v2\/media\/159"}],"wp:attachment":[{"href":"https:\/\/espcanal.ci-com.fr\/en\/wp-json\/wp\/v2\/media?parent=1541"}],"curies":[{"name":"wp","href":"https:\/\/api.w.org\/{rel}","templated":true}]}}